{"id":13626,"date":"2025-11-04T14:47:59","date_gmt":"2025-11-04T19:47:59","guid":{"rendered":"https:\/\/pachamamacanada.com\/produit\/foulards-tisses-variete-de-styles\/"},"modified":"2026-02-25T12:06:32","modified_gmt":"2026-02-25T17:06:32","slug":"woven-scarves-variety-of-styles","status":"publish","type":"product","link":"https:\/\/pachamamacanada.com\/en\/produit\/woven-scarves-variety-of-styles\/","title":{"rendered":"Woven scarves, variety of styles"},"content":{"rendered":"<div class=\"wpb-content-wrapper\"><p>[vc_row][vc_column]<div class=\"templatera_shortcode\"><style type=\"text\/css\" data-type=\"vc_shortcodes-custom-css\">.vc_custom_1676900184240{background: #e0dedf url(https:\/\/pachamamacanada.com\/wp-content\/uploads\/2023\/01\/art-jo-1280x1000-1.jpg?id=6320) !important;background-position: center !important;background-repeat: no-repeat !important;background-size: cover !important;}.vc_custom_1747949706426{padding-right: 13% !important;padding-left: 12% !important;background-color: #f8f6f2 !important;}.vc_custom_1747949719012{padding-right: 13% !important;padding-left: 12% !important;background-color: #f8f6f2 !important;background-position: center !important;background-repeat: no-repeat !important;background-size: cover !important;}.vc_custom_1676900323516{background-image: url(https:\/\/pachamamacanada.com\/wp-content\/uploads\/2023\/01\/main-jo-1280x1000-2.jpg?id=6397) !important;background-position: center !important;background-repeat: no-repeat !important;background-size: cover !important;}.vc_custom_1748025881359{background: #e0dedf url(https:\/\/pachamamacanada.com\/wp-content\/uploads\/2020\/08\/perou_aa_alpaca-suri_2012-17-scaled.jpg?id=4924) !important;background-position: center !important;background-repeat: no-repeat !important;background-size: cover !important;}.vc_custom_1747949768768{padding-right: 13% !important;padding-left: 12% !important;background-color: #f8f6f2 !important;}.vc_custom_1747949864396{padding-right: 13% !important;padding-left: 12% !important;background-color: #f8f6f2 !important;background-position: center !important;background-repeat: no-repeat !important;background-size: cover !important;}.vc_custom_1751557838307{background-image: url(https:\/\/pachamamacanada.com\/wp-content\/uploads\/2023\/01\/solid-jo.jpg?id=11268) !important;background-position: center !important;background-repeat: no-repeat !important;background-size: cover !important;}<\/style><div class=\"boxed-row\"><div style=\"\"class=\"normal_height vc_row wpb_row vc_row-fluid vc_row-o-equal-height vc_row-o-content-middle vc_row-flex\"><div class=\"wpb_column vc_column_container vc_col-sm-6 vc_col-has-fill\"><div class=\"vc_column-inner vc_custom_1676900184240\"><div class=\"wpb_wrapper\"><div class=\"vc_empty_space\"   style=\"height: 40vw\"><span class=\"vc_empty_space_inner\"><\/span><\/div><\/div><\/div><\/div><div class=\"wpb_column vc_column_container vc_col-sm-6 vc_col-has-fill\"><div class=\"vc_column-inner vc_custom_1747949706426\"><div class=\"wpb_wrapper\">\n\t<div class=\"wpb_text_column wpb_content_element\" >\n\t\t<div class=\"wpb_wrapper\">\n\t\t\t<h2 style=\"text-align: center;\">Artisans exp\u00e9riment\u00e9s<\/h2>\n<p style=\"text-align: center;\">Nos tissages sont fi\u00e8rement cr\u00e9\u00e9s par Jos\u00e9 et son \u00e9quipe de tisserands talentueux qui nous offrent leurs plus beaux ouvrages.<\/p>\n<p style=\"text-align: center;\">Jos\u00e9 est un artisan de longue date qui enseigne aussi son art \u00e0 d\u2019autres tisserands.<\/p>\n<p style=\"text-align: center;\"><strong><a href=\"https:\/\/pachamamacanada.com\/nos-artisans\/jose-tissages\" target=\"_blank\" rel=\"noopener\"><strong>Cliquez ici pour en savoir plus sur ces artisans \u2192<\/strong><\/a><\/strong><\/p>\n\n\t\t<\/div>\n\t<\/div>\n<\/div><\/div><\/div><\/div><\/div><div class=\"boxed-row\"><div style=\"\"class=\"normal_height vc_row wpb_row vc_row-fluid mobile-reverse vc_row-o-equal-height vc_row-o-content-middle vc_row-flex\"><div class=\"wpb_column vc_column_container vc_col-sm-6 vc_col-has-fill\"><div class=\"vc_column-inner vc_custom_1747949719012\"><div class=\"wpb_wrapper\">\n\t<div class=\"wpb_text_column wpb_content_element\" >\n\t\t<div class=\"wpb_wrapper\">\n\t\t\t<h2 style=\"text-align: center;\">Tiss\u00e9 \u00e0 la main<\/h2>\n<p style=\"text-align: center;\">Sur des m\u00e9tiers traditionnels en bois, les mains habiles des tisserands s\u2019ex\u00e9cutent.<\/p>\n<p style=\"text-align: center;\">La minutie accord\u00e9e \u00e0 chaque \u00e9tape du processus a toujours \u00e9t\u00e9 centrale dans l\u2019atelier de Jos\u00e9. Il en r\u00e9sulte des tissages fins de grande qualit\u00e9. Vous serez surpris par les motifs \u00e9labor\u00e9s et les ajour\u00e9s qui font de plusieurs pi\u00e8ces des \u0153uvres d\u2019art.<\/p>\n<p style=\"text-align: center;\"><a href=\"https:\/\/pachamamacanada.com\/fabrication\/tissage\/\" target=\"_blank\" rel=\"noopener\"><strong>En savoir plus sur les techniques de tissage \u2192<\/strong><\/a><\/p>\n\n\t\t<\/div>\n\t<\/div>\n<\/div><\/div><\/div><div class=\"wpb_column vc_column_container vc_col-sm-6 vc_col-has-fill\"><div class=\"vc_column-inner vc_custom_1676900323516\"><div class=\"wpb_wrapper\"><div class=\"vc_empty_space\"   style=\"height: 40vw\"><span class=\"vc_empty_space_inner\"><\/span><\/div><\/div><\/div><\/div><\/div><\/div><div class=\"boxed-row\"><div style=\"\"class=\"normal_height vc_row wpb_row vc_row-fluid vc_row-o-equal-height vc_row-o-content-middle vc_row-flex\"><div class=\"wpb_column vc_column_container vc_col-sm-6 vc_col-has-fill\"><div class=\"vc_column-inner vc_custom_1748025881359\"><div class=\"wpb_wrapper\"><div class=\"vc_empty_space\"   style=\"height: 40vw\"><span class=\"vc_empty_space_inner\"><\/span><\/div><\/div><\/div><\/div><div class=\"wpb_column vc_column_container vc_col-sm-6 vc_col-has-fill\"><div class=\"vc_column-inner vc_custom_1747949768768\"><div class=\"wpb_wrapper\">\n\t<div class=\"wpb_text_column wpb_content_element\" >\n\t\t<div class=\"wpb_wrapper\">\n\t\t\t<h2 style=\"text-align: center;\">B\u00e9b\u00e9 alpaga doux et soyeux<\/h2>\n<p style=\"text-align: center;\">Quelle douceur! Tous nos tissages sont confectionn\u00e9s avec du fil 100% alpaga de qualit\u00e9 b\u00e9b\u00e9. Ce grade est l\u2019un des plus fins.<\/p>\n<p style=\"text-align: center;\">Jos\u00e9 s\u00e9lectionne minutieusement sa mati\u00e8re premi\u00e8re pour vous confectionner des produits splendides.<\/p>\n<p style=\"text-align: center;\"><a href=\"https:\/\/pachamamacanada.com\/alpaga\/\" target=\"_blank\" rel=\"noopener\"><strong>En savoir plus sur les caract\u00e9ristiques exceptionnelles de l\u2019alpaga \u2192\u00a0<\/strong><\/a><\/p>\n\n\t\t<\/div>\n\t<\/div>\n<\/div><\/div><\/div><\/div><\/div><div class=\"boxed-row\"><div style=\"\"class=\"normal_height vc_row wpb_row vc_row-fluid mobile-reverse vc_row-o-equal-height vc_row-o-content-middle vc_row-flex\"><div class=\"wpb_column vc_column_container vc_col-sm-6 vc_col-has-fill\"><div class=\"vc_column-inner vc_custom_1747949864396\"><div class=\"wpb_wrapper\">\n\t<div class=\"wpb_text_column wpb_content_element\" >\n\t\t<div class=\"wpb_wrapper\">\n\t\t\t<h2 style=\"text-align: center;\">Solidaires<\/h2>\n<p style=\"text-align: center;\">Depuis nos d\u00e9buts en 2004, nous cultivons de solides relations avec nos groupes d\u2019artisans en ayant toujours une vision \u00e0 long terme avec eux.<\/p>\n<p style=\"text-align: center;\">Chez nous, c\u2019est l\u2019humain qui passe avant le produit. Toujours! Les relations vont bien au-del\u00e0 des \u00e9changes commerciaux. Au fil des ann\u00e9es, ce sont des liens fraternels qui se sont tiss\u00e9s.<\/p>\n<p style=\"text-align: center;\">Les al\u00e9as de la vie au P\u00e9rou sont nombreux et chamboulent souvent les plans de nos artisans. Connaissant bien la r\u00e9alit\u00e9 du terrain, nous nous adaptons en trouvant ensemble des solutions. La flexibilit\u00e9 et la communication priment et nous permettent de progresser du m\u00eame pas.<\/p>\n<p style=\"text-align: center;\"><strong><a href=\"https:\/\/pachamamacanada.com\/equitable\/\" target=\"_blank\" rel=\"noopener\"><strong>En savoir plus \u2192<\/strong><\/a><\/strong><\/p>\n\n\t\t<\/div>\n\t<\/div>\n<\/div><\/div><\/div><div class=\"wpb_column vc_column_container vc_col-sm-6 vc_col-has-fill\"><div class=\"vc_column-inner vc_custom_1751557838307\"><div class=\"wpb_wrapper\"><div class=\"vc_empty_space\"   style=\"height: 40vw\"><span class=\"vc_empty_space_inner\"><\/span><\/div><\/div><\/div><\/div><\/div><\/div><\/div>[\/vc_column][\/vc_row]<\/p>\n<\/div>","protected":false},"excerpt":{"rendered":"<p data-start=\"0\" data-end=\"72\">Today\u2019s selection! An assortment chosen from all our available models.<\/p>\n<ul>\n<li data-start=\"74\" data-end=\"124\">100% premium-quality alpaca<\/li>\n<li data-start=\"74\" data-end=\"124\">Entirely handwoven<\/li>\n<\/ul>\n<p data-start=\"126\" data-end=\"209\" data-is-last-node=\"\" data-is-only-node=\"\">Each piece is handmade and unique. Images are shown for illustration purposes only.<\/p>\n","protected":false},"featured_media":11344,"template":"","meta":{"_acf_changed":false,"inline_featured_image":false},"product_brand":[],"product_cat":[556],"product_tag":[678],"class_list":{"0":"post-13626","1":"product","2":"type-product","3":"status-publish","4":"has-post-thumbnail","6":"product_cat-scarves","7":"product_tag-woven-products","9":"first","10":"instock","11":"taxable","12":"shipping-taxable","13":"purchasable","14":"product-type-simple"},"acf":[],"_links":{"self":[{"href":"https:\/\/pachamamacanada.com\/en\/wp-json\/wp\/v2\/product\/13626","targetHints":{"allow":["GET"]}}],"collection":[{"href":"https:\/\/pachamamacanada.com\/en\/wp-json\/wp\/v2\/product"}],"about":[{"href":"https:\/\/pachamamacanada.com\/en\/wp-json\/wp\/v2\/types\/product"}],"wp:featuredmedia":[{"embeddable":true,"href":"https:\/\/pachamamacanada.com\/en\/wp-json\/wp\/v2\/media\/11344"}],"wp:attachment":[{"href":"https:\/\/pachamamacanada.com\/en\/wp-json\/wp\/v2\/media?parent=13626"}],"wp:term":[{"taxonomy":"product_brand","embeddable":true,"href":"https:\/\/pachamamacanada.com\/en\/wp-json\/wp\/v2\/product_brand?post=13626"},{"taxonomy":"product_cat","embeddable":true,"href":"https:\/\/pachamamacanada.com\/en\/wp-json\/wp\/v2\/product_cat?post=13626"},{"taxonomy":"product_tag","embeddable":true,"href":"https:\/\/pachamamacanada.com\/en\/wp-json\/wp\/v2\/product_tag?post=13626"}],"curies":[{"name":"wp","href":"https:\/\/api.w.org\/{rel}","templated":true}]}}