{"id":13610,"date":"2025-11-04T11:17:45","date_gmt":"2025-11-04T16:17:45","guid":{"rendered":"https:\/\/pachamamacanada.com\/produit\/double-and-reversible-andean-hat-variety-of-styles\/"},"modified":"2026-03-23T09:55:38","modified_gmt":"2026-03-23T13:55:38","slug":"double-and-reversible-andean-hats-variety-of-styles","status":"publish","type":"product","link":"https:\/\/pachamamacanada.com\/en\/produit\/double-and-reversible-andean-hats-variety-of-styles\/","title":{"rendered":"Double and reversible Andean hats, variety of styles"},"content":{"rendered":"<div class=\"wpb-content-wrapper\"><p>[vc_row][vc_column]<div class=\"templatera_shortcode\"><style type=\"text\/css\" data-type=\"vc_shortcodes-custom-css\">.vc_custom_1727378265222{background: #e0dedf url(https:\/\/pachamamacanada.com\/wp-content\/uploads\/2023\/02\/alpaga-1280x1000-1.jpg?id=6214) !important;background-position: center !important;background-repeat: no-repeat !important;background-size: cover !important;}.vc_custom_1726848376643{padding-right: 13% !important;padding-left: 12% !important;background-color: #f8f6f2 !important;}.vc_custom_1726848389632{padding-right: 12% !important;padding-left: 13% !important;background-color: #f8f6f2 !important;background-position: center !important;background-repeat: no-repeat !important;background-size: cover !important;}.vc_custom_1677003534503{background-image: url(https:\/\/pachamamacanada.com\/wp-content\/uploads\/2023\/02\/eco-aa-1280x1000-1.jpg?id=6415) !important;background-position: center !important;background-repeat: no-repeat !important;background-size: cover !important;}.vc_custom_1725994605584{background-image: url(https:\/\/pachamamacanada.com\/wp-content\/uploads\/2023\/02\/fuseau-1280x1000-2-2.jpg?id=9032) !important;background-position: center !important;background-repeat: no-repeat !important;background-size: cover !important;}.vc_custom_1726848402179{padding-right: 13% !important;padding-left: 12% !important;background-color: #f8f6f2 !important;background-position: center !important;background-repeat: no-repeat !important;background-size: cover !important;}.vc_custom_1726848415020{padding-right: 12% !important;padding-left: 13% !important;background-color: #f8f6f2 !important;background-position: center !important;background-repeat: no-repeat !important;background-size: cover !important;}.vc_custom_1676898776660{background-image: url(https:\/\/pachamamacanada.com\/wp-content\/uploads\/2023\/02\/main-aa-1280x1000-1.jpg?id=6383) !important;background-position: center !important;background-repeat: no-repeat !important;background-size: cover !important;}.vc_custom_1676898825178{background-image: url(https:\/\/pachamamacanada.com\/wp-content\/uploads\/2023\/02\/herit-aa-1280x1000-1.jpg?id=6381) !important;background-position: center !important;background-repeat: no-repeat !important;background-size: cover !important;}.vc_custom_1726848429848{padding-right: 13% !important;padding-left: 12% !important;background-color: #f8f6f2 !important;background-position: center !important;background-repeat: no-repeat !important;background-size: cover !important;}.vc_custom_1726848444841{padding-right: 12% !important;padding-left: 13% !important;background-color: #f8f6f2 !important;background-position: center !important;background-repeat: no-repeat !important;background-size: cover !important;}.vc_custom_1676898930712{background-image: url(https:\/\/pachamamacanada.com\/wp-content\/uploads\/2023\/02\/respon-aa-1280x1000-1.jpg?id=6387) !important;background-position: center !important;background-repeat: no-repeat !important;background-size: cover !important;}<\/style><div class=\"boxed-row\"><div style=\"\"class=\"normal_height vc_row wpb_row vc_row-fluid vc_row-o-equal-height vc_row-o-content-middle vc_row-flex\"><div class=\"wpb_column vc_column_container vc_col-sm-6 vc_col-has-fill\"><div class=\"vc_column-inner vc_custom_1727378265222\"><div class=\"wpb_wrapper\"><div class=\"vc_empty_space\"   style=\"height: 40vw\"><span class=\"vc_empty_space_inner\"><\/span><\/div><\/div><\/div><\/div><div class=\"wpb_column vc_column_container vc_col-sm-6 vc_col-has-fill\"><div class=\"vc_column-inner vc_custom_1726848376643\"><div class=\"wpb_wrapper\">\n\t<div class=\"wpb_text_column wpb_content_element\" >\n\t\t<div class=\"wpb_wrapper\">\n\t\t\t<h3 style=\"text-align: center;\">Alpaga de 1re qualit\u00e9<\/h3>\n<p style=\"text-align: center;\">Les alpagas du P\u00e9rou sont \u00e9lev\u00e9s en pleine nature dans les montagnes des Andes. Leur toison magnifique est tondue une fois par ann\u00e9e.<\/p>\n<p style=\"text-align: center;\">Nos partenaires au P\u00e9rou s\u00e9lectionnent minutieusement les fibres de premi\u00e8re qualit\u00e9 pour vous offrir des tricots doux et soyeux.<\/p>\n<p style=\"text-align: center;\"><a href=\"https:\/\/pachamamacanada.com\/alpaga\/\" target=\"_blank\" rel=\"noopener\"><strong>D\u00e9couvrez les nombreux atouts de l\u2019alpaga et notre travail avec les \u00e9leveurs \u2192\u00a0<\/strong><\/a><\/p>\n\n\t\t<\/div>\n\t<\/div>\n<\/div><\/div><\/div><\/div><\/div><div class=\"boxed-row\"><div style=\"\"class=\"normal_height vc_row wpb_row vc_row-fluid mobile-reverse vc_row-o-equal-height vc_row-o-content-middle vc_row-flex\"><div class=\"wpb_column vc_column_container vc_col-sm-6 vc_col-has-fill\"><div class=\"vc_column-inner vc_custom_1726848389632\"><div class=\"wpb_wrapper\">\n\t<div class=\"wpb_text_column wpb_content_element\" >\n\t\t<div class=\"wpb_wrapper\">\n\t\t\t<h3 style=\"text-align: center;\">Merveille naturelle<\/h3>\n<p style=\"text-align: center;\">La nature fait si bien les choses en nous offrant <strong>22\u00a0tonalit\u00e9s naturelles d\u2019alpaga<\/strong>. Nos tricoteuses sont fi\u00e8res de valoriser ces riches coloris naturels <strong>sans aucune teinture<\/strong>.<\/p>\n<p style=\"text-align: center;\">Trop souvent, les industries textiles optent pour la teinture afin d\u2019obtenir une couleur compl\u00e8tement uniforme. Chez PachaMama, nous gardons nos tricots d'alpaga au naturel, sans teinture. C'est un <strong>choix \u00e9cologique<\/strong> qui respecte aussi les m\u00e9thodes traditionnelles de nos artisanes.<\/p>\n<p style=\"text-align: center;\"><a href=\"https:\/\/pachamamacanada.com\/alpaga\/\" target=\"_blank\" rel=\"noopener\"><strong>En savoir plus sur ces avantages qui nous distinguent \u2192<\/strong><\/a><\/p>\n\n\t\t<\/div>\n\t<\/div>\n<\/div><\/div><\/div><div class=\"wpb_column vc_column_container vc_col-sm-6 vc_col-has-fill\"><div class=\"vc_column-inner vc_custom_1677003534503\"><div class=\"wpb_wrapper\"><div class=\"vc_empty_space\"   style=\"height: 40vw\"><span class=\"vc_empty_space_inner\"><\/span><\/div><\/div><\/div><\/div><\/div><\/div><div class=\"boxed-row\"><div style=\"\"class=\"normal_height vc_row wpb_row vc_row-fluid vc_row-o-equal-height vc_row-o-content-middle vc_row-flex\"><div class=\"wpb_column vc_column_container vc_col-sm-6 vc_col-has-fill\"><div class=\"vc_column-inner vc_custom_1725994605584\"><div class=\"wpb_wrapper\"><div class=\"vc_empty_space\"   style=\"height: 40vw\"><span class=\"vc_empty_space_inner\"><\/span><\/div><\/div><\/div><\/div><div class=\"wpb_column vc_column_container vc_col-sm-6 vc_col-has-fill\"><div class=\"vc_column-inner vc_custom_1726848402179\"><div class=\"wpb_wrapper\">\n\t<div class=\"wpb_text_column wpb_content_element\" >\n\t\t<div class=\"wpb_wrapper\">\n\t\t\t<h3 style=\"text-align: center;\">Filage au fuseau<\/h3>\n<p style=\"text-align: center;\">Cet anc\u00eatre du rouet est l\u2019outil embl\u00e9matique des Andes. Que ce soit en marchant ou lors d\u2019un voyage en bus, les artisans font tournoyer la toupie tout en affinant la fibre du bout des doigts!<\/p>\n<p style=\"text-align: center;\">Le fuseau t\u00e9moigne aussi d\u2019un <b>mode de vie<\/b> o\u00f9 les \u00e9leveurs se d\u00e9placent continuellement avec leurs b\u00eates. Alors que les alpagas paissent, l\u2019<i>alpaquero<\/i> sort son fuseau en vue de son prochain tricot!<\/p>\n<p style=\"text-align: center;\"><a href=\"https:\/\/pachamamacanada.com\/fabrication\/tricots\/\" target=\"_blank\" rel=\"noopener\"><strong>Comprendre le travail de la fibre d'alpaga au P\u00e9rou<\/strong> \u2192<\/a><\/p>\n\n\t\t<\/div>\n\t<\/div>\n<\/div><\/div><\/div><\/div><\/div><div class=\"boxed-row\"><div style=\"\"class=\"normal_height vc_row wpb_row vc_row-fluid mobile-reverse vc_row-o-equal-height vc_row-o-content-middle vc_row-flex\"><div class=\"wpb_column vc_column_container vc_col-sm-6 vc_col-has-fill\"><div class=\"vc_column-inner vc_custom_1726848415020\"><div class=\"wpb_wrapper\">\n\t<div class=\"wpb_text_column wpb_content_element\" >\n\t\t<div class=\"wpb_wrapper\">\n\t\t\t<h3 style=\"text-align: center;\">Tricot \u00e0 l\u2019aiguille<\/h3>\n<p style=\"text-align: center;\">Le maniement des aiguilles n\u2019a plus de secret pour les mains expertes de nos tricoteuses. Aussi habiles que cr\u00e9atives, ces femmes sont pass\u00e9es <b>ma\u00eetres<\/b> <b>dans l\u2019art du tricot<\/b>. Elles tricotent des points complexes et des motifs de mani\u00e8re intuitive, sans m\u00eame utiliser de patron.<\/p>\n<p style=\"text-align: center;\"><a href=\"https:\/\/pachamamacanada.com\/fabrication\/tricots\/\" target=\"_blank\" rel=\"noopener\"><strong>Voir les \u00e9tapes de fabrication de nos tricots<\/strong>\u00a0\u2192<\/a><\/p>\n\n\t\t<\/div>\n\t<\/div>\n<\/div><\/div><\/div><div class=\"wpb_column vc_column_container vc_col-sm-6 vc_col-has-fill\"><div class=\"vc_column-inner vc_custom_1676898776660\"><div class=\"wpb_wrapper\"><div class=\"vc_empty_space\"   style=\"height: 40vw\"><span class=\"vc_empty_space_inner\"><\/span><\/div><\/div><\/div><\/div><\/div><\/div><div class=\"boxed-row\"><div style=\"\"class=\"normal_height vc_row wpb_row vc_row-fluid vc_row-o-equal-height vc_row-o-content-middle vc_row-flex\"><div class=\"wpb_column vc_column_container vc_col-sm-6 vc_col-has-fill\"><div class=\"vc_column-inner vc_custom_1676898825178\"><div class=\"wpb_wrapper\"><div class=\"vc_empty_space\"   style=\"height: 40vw\"><span class=\"vc_empty_space_inner\"><\/span><\/div><\/div><\/div><\/div><div class=\"wpb_column vc_column_container vc_col-sm-6 vc_col-has-fill\"><div class=\"vc_column-inner vc_custom_1726848429848\"><div class=\"wpb_wrapper\">\n\t<div class=\"wpb_text_column wpb_content_element\" >\n\t\t<div class=\"wpb_wrapper\">\n\t\t\t<h3 style=\"text-align: center;\">H\u00e9ritage culturel<\/h3>\n<p style=\"text-align: center;\">Les <strong>femmes autochtones<\/strong> de l\u2019Association Arte-Aymara travaillent la fibre d\u2019alpaga selon les coutumes et traditions de leurs anc\u00eatres. Leurs communaut\u00e9s pr\u00e9servent un<strong> mode de vie unique au c\u0153ur des Andes<\/strong>. Cet h\u00e9ritage culturel tend \u00e0 dispara\u00eetre et PachaMama se fait un devoir de les prot\u00e9ger.<\/p>\n<p style=\"text-align: center;\"><a href=\"https:\/\/pachamamacanada.com\/nos-artisans\/arte-aymara-tricots\" target=\"_blank\" rel=\"noopener\"><strong>Conna\u00eetre ces personnes extraordinaires\u00a0\u2192<\/strong><\/a><\/p>\n\n\t\t<\/div>\n\t<\/div>\n<\/div><\/div><\/div><\/div><\/div><div class=\"boxed-row\"><div style=\"\"class=\"normal_height vc_row wpb_row vc_row-fluid mobile-reverse vc_row-o-equal-height vc_row-o-content-middle vc_row-flex\"><div class=\"wpb_column vc_column_container vc_col-sm-6 vc_col-has-fill\"><div class=\"vc_column-inner vc_custom_1726848444841\"><div class=\"wpb_wrapper\">\n\t<div class=\"wpb_text_column wpb_content_element\" >\n\t\t<div class=\"wpb_wrapper\">\n\t\t\t<h3 style=\"text-align: center;\">Socialement responsable<\/h3>\n<p style=\"text-align: center;\">Depuis nos d\u00e9buts en 2004, nous cultivons de solides relations avec nos groupes d\u2019artisans en ayant toujours une vision \u00e0 long terme avec eux.<\/p>\n<p style=\"text-align: center;\">Nous les accompagnons dans leurs d\u00e9marches de d\u00e9veloppement \u00e9conomique, social et organisationnel afin d\u2019am\u00e9liorer leurs conditions de vie de mani\u00e8re durable.<\/p>\n<p style=\"text-align: center;\"><a href=\"https:\/\/pachamamacanada.com\/equitable\/\" target=\"_blank\" rel=\"noopener\"><strong>En savoir plus \u2192\u00a0<\/strong><\/a><\/p>\n\n\t\t<\/div>\n\t<\/div>\n<\/div><\/div><\/div><div class=\"wpb_column vc_column_container vc_col-sm-6 vc_col-has-fill\"><div class=\"vc_column-inner vc_custom_1676898930712\"><div class=\"wpb_wrapper\"><div class=\"vc_empty_space\"   style=\"height: 40vw\"><span class=\"vc_empty_space_inner\"><\/span><\/div><\/div><\/div><\/div><\/div><\/div><\/div>[\/vc_column][\/vc_row]<\/p>\n<\/div>","protected":false},"excerpt":{"rendered":"<p>Assortment of all styles: patterned, with alpacas, striped, solid gray, and solid black.<\/p>\n<ul>\n<li>100% first quality alpaca, undyed<\/li>\n<li>Entirely handmade<\/li>\n<li>Reversible: two layers of knit offering you two styles in one product<\/li>\n<\/ul>\n<p>Artisanally crafted, each piece is unique. Images shown are for illustration purposes only.<\/p>\n","protected":false},"featured_media":11344,"template":"","meta":{"_acf_changed":false,"inline_featured_image":false},"product_brand":[],"product_cat":[554],"product_tag":[673],"class_list":{"0":"post-13610","1":"product","2":"type-product","3":"status-publish","4":"has-post-thumbnail","6":"product_cat-hats","7":"product_tag-knits-double-and-reversible","9":"first","10":"instock","11":"taxable","12":"shipping-taxable","13":"purchasable","14":"product-type-variable"},"acf":[],"_links":{"self":[{"href":"https:\/\/pachamamacanada.com\/en\/wp-json\/wp\/v2\/product\/13610","targetHints":{"allow":["GET"]}}],"collection":[{"href":"https:\/\/pachamamacanada.com\/en\/wp-json\/wp\/v2\/product"}],"about":[{"href":"https:\/\/pachamamacanada.com\/en\/wp-json\/wp\/v2\/types\/product"}],"wp:featuredmedia":[{"embeddable":true,"href":"https:\/\/pachamamacanada.com\/en\/wp-json\/wp\/v2\/media\/11344"}],"wp:attachment":[{"href":"https:\/\/pachamamacanada.com\/en\/wp-json\/wp\/v2\/media?parent=13610"}],"wp:term":[{"taxonomy":"product_brand","embeddable":true,"href":"https:\/\/pachamamacanada.com\/en\/wp-json\/wp\/v2\/product_brand?post=13610"},{"taxonomy":"product_cat","embeddable":true,"href":"https:\/\/pachamamacanada.com\/en\/wp-json\/wp\/v2\/product_cat?post=13610"},{"taxonomy":"product_tag","embeddable":true,"href":"https:\/\/pachamamacanada.com\/en\/wp-json\/wp\/v2\/product_tag?post=13610"}],"curies":[{"name":"wp","href":"https:\/\/api.w.org\/{rel}","templated":true}]}}